{"id":156,"date":"2025-10-23T09:51:04","date_gmt":"2025-10-23T09:51:04","guid":{"rendered":"https:\/\/staging.place-des-arcades.fr\/?page_id=156"},"modified":"2025-10-27T09:52:46","modified_gmt":"2025-10-27T09:52:46","slug":"bijoux-fantaisie","status":"publish","type":"page","link":"https:\/\/staging.place-des-arcades.fr\/?page_id=156","title":{"rendered":"BIJOUX FANTAISIE"},"content":{"rendered":"<p>[et_pb_section fb_built=\u00a0\u00bb1&Prime; _builder_version=\u00a0\u00bb4.27.4&Prime; _module_preset=\u00a0\u00bbdefault\u00a0\u00bb background_color=\u00a0\u00bb#E7D7C0&Prime; global_colors_info=\u00a0\u00bb{}\u00a0\u00bb][et_pb_row _builder_version=\u00a0\u00bb4.27.4&Prime; _module_preset=\u00a0\u00bbdefault\u00a0\u00bb global_colors_info=\u00a0\u00bb{}\u00a0\u00bb][et_pb_column type=\u00a0\u00bb4_4&Prime; _builder_version=\u00a0\u00bb4.27.4&Prime; _module_preset=\u00a0\u00bbdefault\u00a0\u00bb global_colors_info=\u00a0\u00bb{}\u00a0\u00bb][et_pb_text _builder_version=\u00a0\u00bb4.27.4&Prime; _module_preset=\u00a0\u00bbdefault\u00a0\u00bb text_font=\u00a0\u00bbLustria|700|||||||\u00a0\u00bb text_text_color=\u00a0\u00bb#5d151c\u00a0\u00bb text_font_size=\u00a0\u00bb40px\u00a0\u00bb text_orientation=\u00a0\u00bbcenter\u00a0\u00bb hover_enabled=\u00a0\u00bb0&Prime; global_colors_info=\u00a0\u00bb{}\u00a0\u00bb text_font_size_last_edited=\u00a0\u00bbon|phone\u00a0\u00bb text_font_size_phone=\u00a0\u00bb30px\u00a0\u00bb text_letter_spacing_last_edited=\u00a0\u00bbon|phone\u00a0\u00bb text_letter_spacing_phone=\u00a0\u00bb0px\u00a0\u00bb text_line_height_last_edited=\u00a0\u00bbon|phone\u00a0\u00bb text_line_height_phone=\u00a0\u00bb1.2em\u00a0\u00bb sticky_enabled=\u00a0\u00bb0&Prime; text_font_size_tablet=\u00a0\u00bb40px\u00a0\u00bb]<\/p>\n<p>BIJOUX FANTAISIE, POURQUI ACHETER ARTISANAL ?<\/p>\n<p>[\/et_pb_text][\/et_pb_column][\/et_pb_row][et_pb_row _builder_version=\u00a0\u00bb4.27.4&Prime; _module_preset=\u00a0\u00bbdefault\u00a0\u00bb global_colors_info=\u00a0\u00bb{}\u00a0\u00bb][et_pb_column type=\u00a0\u00bb4_4&Prime; _builder_version=\u00a0\u00bb4.27.4&Prime; _module_preset=\u00a0\u00bbdefault\u00a0\u00bb global_colors_info=\u00a0\u00bb{}\u00a0\u00bb][et_pb_text _builder_version=\u00a0\u00bb4.27.4&Prime; _module_preset=\u00a0\u00bbdefault\u00a0\u00bb text_font=\u00a0\u00bbLustria||||||||\u00a0\u00bb text_text_color=\u00a0\u00bb#000000&Prime; text_font_size=\u00a0\u00bb17px\u00a0\u00bb hover_enabled=\u00a0\u00bb0&Prime; global_colors_info=\u00a0\u00bb{}\u00a0\u00bb text_orientation=\u00a0\u00bbjustified\u00a0\u00bb sticky_enabled=\u00a0\u00bb0&Prime; text_font_size_last_edited=\u00a0\u00bbon|phone\u00a0\u00bb text_font_size_phone=\u00a0\u00bb15px\u00a0\u00bb text_font_size_tablet=\u00a0\u00bb17px\u00a0\u00bb]<\/p>\n<p>Au cours de mes diff\u00e9rentes exp\u00e9riences, j&rsquo;ai observ\u00e9 des pi\u00e8ces uniques, des bijoux et des pierres exceptionnels. Certains s&rsquo;envolant \u00e0 des centaines de milliers d&rsquo;euros voire des millions. Vendus dans le monde entier.<\/p>\n<p>Je n&rsquo;ai pourtant pas cess\u00e9 de porter, durant ces ann\u00e9es, mes bijoux \u00ab\u00a0fantaisie\u00a0\u00bb de cr\u00e9ateurs fran\u00e7ais ou \u00e9trangers, d\u00e9couverts au fil de mes voyages. La cr\u00e9ation de bijoux fantaisie permet de pratiquer des prix \u00ab\u00a0doux\u00a0\u00bb et de partager avec un plus large public ma passion pour les bijoux.<\/p>\n<p>Porter des bijoux fantaisie se fait dans la vie de tous les jours : pour aller travailler, rester \u00e0 la maison, sortir : juste s&rsquo;aimer sans occasion particuli\u00e8re. Et la magie op\u00e8re \ud83d\ude42<\/p>\n<p>[\/et_pb_text][\/et_pb_column][\/et_pb_row][et_pb_row column_structure=\u00a0\u00bb1_3,1_3,1_3&Prime; _builder_version=\u00a0\u00bb4.27.4&Prime; _module_preset=\u00a0\u00bbdefault\u00a0\u00bb global_colors_info=\u00a0\u00bb{}\u00a0\u00bb][et_pb_column type=\u00a0\u00bb1_3&Prime; _builder_version=\u00a0\u00bb4.27.4&Prime; _module_preset=\u00a0\u00bbdefault\u00a0\u00bb global_colors_info=\u00a0\u00bb{}\u00a0\u00bb][et_pb_image src=\u00a0\u00bbhttps:\/\/staging.place-des-arcades.fr\/wp-content\/uploads\/2025\/10\/FZ4A2036-scaled.jpg\u00a0\u00bb title_text=\u00a0\u00bbFZ4A2036&Prime; align=\u00a0\u00bbright\u00a0\u00bb _builder_version=\u00a0\u00bb4.27.4&Prime; _module_preset=\u00a0\u00bbdefault\u00a0\u00bb width=\u00a0\u00bb85%\u00a0\u00bb hover_enabled=\u00a0\u00bb0&Prime; box_shadow_style=\u00a0\u00bbpreset1&Prime; global_colors_info=\u00a0\u00bb{}\u00a0\u00bb align_last_edited=\u00a0\u00bbon|phone\u00a0\u00bb align_phone=\u00a0\u00bbcenter\u00a0\u00bb width_last_edited=\u00a0\u00bbon|phone\u00a0\u00bb width_phone=\u00a0\u00bb95%\u00a0\u00bb sticky_enabled=\u00a0\u00bb0&Prime; align_tablet=\u00a0\u00bbright\u00a0\u00bb width_tablet=\u00a0\u00bb85%\u00a0\u00bb][\/et_pb_image][\/et_pb_column][et_pb_column type=\u00a0\u00bb1_3&Prime; _builder_version=\u00a0\u00bb4.27.4&Prime; _module_preset=\u00a0\u00bbdefault\u00a0\u00bb global_colors_info=\u00a0\u00bb{}\u00a0\u00bb][et_pb_image src=\u00a0\u00bbhttps:\/\/staging.place-des-arcades.fr\/wp-content\/uploads\/2025\/10\/FZ4A2013-scaled.jpg\u00a0\u00bb title_text=\u00a0\u00bbFZ4A2013&Prime; _builder_version=\u00a0\u00bb4.27.4&Prime; _module_preset=\u00a0\u00bbdefault\u00a0\u00bb width=\u00a0\u00bb85%\u00a0\u00bb module_alignment=\u00a0\u00bbcenter\u00a0\u00bb hover_enabled=\u00a0\u00bb0&Prime; box_shadow_style=\u00a0\u00bbpreset1&Prime; global_colors_info=\u00a0\u00bb{}\u00a0\u00bb align_last_edited=\u00a0\u00bbon|phone\u00a0\u00bb sticky_enabled=\u00a0\u00bb0&Prime; align_phone=\u00a0\u00bbcenter\u00a0\u00bb width_last_edited=\u00a0\u00bbon|phone\u00a0\u00bb width_phone=\u00a0\u00bb95%\u00a0\u00bb width_tablet=\u00a0\u00bb85%\u00a0\u00bb][\/et_pb_image][\/et_pb_column][et_pb_column type=\u00a0\u00bb1_3&Prime; _builder_version=\u00a0\u00bb4.27.4&Prime; _module_preset=\u00a0\u00bbdefault\u00a0\u00bb global_colors_info=\u00a0\u00bb{}\u00a0\u00bb][et_pb_image src=\u00a0\u00bbhttps:\/\/staging.place-des-arcades.fr\/wp-content\/uploads\/2025\/10\/FZ4A2003-scaled.jpg\u00a0\u00bb title_text=\u00a0\u00bbFZ4A2003&Prime; _builder_version=\u00a0\u00bb4.27.4&Prime; _module_preset=\u00a0\u00bbdefault\u00a0\u00bb width=\u00a0\u00bb85%\u00a0\u00bb hover_enabled=\u00a0\u00bb0&Prime; box_shadow_style=\u00a0\u00bbpreset1&Prime; global_colors_info=\u00a0\u00bb{}\u00a0\u00bb align_last_edited=\u00a0\u00bbon|phone\u00a0\u00bb sticky_enabled=\u00a0\u00bb0&Prime; align_phone=\u00a0\u00bbcenter\u00a0\u00bb width_last_edited=\u00a0\u00bbon|phone\u00a0\u00bb width_phone=\u00a0\u00bb95%\u00a0\u00bb width_tablet=\u00a0\u00bb85%\u00a0\u00bb][\/et_pb_image][\/et_pb_column][\/et_pb_row][\/et_pb_section]<\/p>\n","protected":false},"excerpt":{"rendered":"<p>BIJOUX FANTAISIE, POURQUI ACHETER ARTISANAL ?Au cours de mes diff\u00e9rentes exp\u00e9riences, j&rsquo;ai observ\u00e9 des pi\u00e8ces uniques, des bijoux et des pierres exceptionnels. Certains s&rsquo;envolant \u00e0 des centaines de milliers d&rsquo;euros voire des millions. Vendus dans le monde entier. Je n&rsquo;ai pourtant pas cess\u00e9 de porter, durant ces ann\u00e9es, mes bijoux \u00ab\u00a0fantaisie\u00a0\u00bb de cr\u00e9ateurs fran\u00e7ais ou [&hellip;]<\/p>\n","protected":false},"author":1,"featured_media":0,"parent":0,"menu_order":0,"comment_status":"closed","ping_status":"closed","template":"","meta":{"_et_pb_use_builder":"on","_et_pb_old_content":"","_et_gb_content_width":"","footnotes":""},"class_list":["post-156","page","type-page","status-publish","hentry"],"_links":{"self":[{"href":"https:\/\/staging.place-des-arcades.fr\/index.php?rest_route=\/wp\/v2\/pages\/156","targetHints":{"allow":["GET"]}}],"collection":[{"href":"https:\/\/staging.place-des-arcades.fr\/index.php?rest_route=\/wp\/v2\/pages"}],"about":[{"href":"https:\/\/staging.place-des-arcades.fr\/index.php?rest_route=\/wp\/v2\/types\/page"}],"author":[{"embeddable":true,"href":"https:\/\/staging.place-des-arcades.fr\/index.php?rest_route=\/wp\/v2\/users\/1"}],"replies":[{"embeddable":true,"href":"https:\/\/staging.place-des-arcades.fr\/index.php?rest_route=%2Fwp%2Fv2%2Fcomments&post=156"}],"version-history":[{"count":5,"href":"https:\/\/staging.place-des-arcades.fr\/index.php?rest_route=\/wp\/v2\/pages\/156\/revisions"}],"predecessor-version":[{"id":284,"href":"https:\/\/staging.place-des-arcades.fr\/index.php?rest_route=\/wp\/v2\/pages\/156\/revisions\/284"}],"wp:attachment":[{"href":"https:\/\/staging.place-des-arcades.fr\/index.php?rest_route=%2Fwp%2Fv2%2Fmedia&parent=156"}],"curies":[{"name":"wp","href":"https:\/\/api.w.org\/{rel}","templated":true}]}}