{"id":148,"date":"2025-10-23T09:36:19","date_gmt":"2025-10-23T09:36:19","guid":{"rendered":"https:\/\/staging.place-des-arcades.fr\/?page_id=148"},"modified":"2025-10-27T09:47:53","modified_gmt":"2025-10-27T09:47:53","slug":"notre-histoire","status":"publish","type":"page","link":"https:\/\/staging.place-des-arcades.fr\/?page_id=148","title":{"rendered":"NOTRE HISTOIRE"},"content":{"rendered":"<p>[et_pb_section fb_built=\u00a0\u00bb1&Prime; _builder_version=\u00a0\u00bb4.27.4&Prime; _module_preset=\u00a0\u00bbdefault\u00a0\u00bb background_color=\u00a0\u00bb#e7d7c0&Prime; global_colors_info=\u00a0\u00bb{}\u00a0\u00bb][et_pb_row _builder_version=\u00a0\u00bb4.27.4&Prime; _module_preset=\u00a0\u00bbdefault\u00a0\u00bb custom_margin=\u00a0\u00bb10px||10px||false|false\u00a0\u00bb global_colors_info=\u00a0\u00bb{}\u00a0\u00bb][et_pb_column type=\u00a0\u00bb4_4&Prime; _builder_version=\u00a0\u00bb4.27.4&Prime; _module_preset=\u00a0\u00bbdefault\u00a0\u00bb global_colors_info=\u00a0\u00bb{}\u00a0\u00bb][et_pb_text _builder_version=\u00a0\u00bb4.27.4&Prime; _module_preset=\u00a0\u00bbdefault\u00a0\u00bb text_font=\u00a0\u00bbLustria|700|||||||\u00a0\u00bb text_text_color=\u00a0\u00bb#5d151c\u00a0\u00bb text_font_size=\u00a0\u00bb50px\u00a0\u00bb text_orientation=\u00a0\u00bbcenter\u00a0\u00bb hover_enabled=\u00a0\u00bb0&Prime; global_colors_info=\u00a0\u00bb{}\u00a0\u00bb text_font_size_last_edited=\u00a0\u00bbon|phone\u00a0\u00bb text_font_size_phone=\u00a0\u00bb35px\u00a0\u00bb sticky_enabled=\u00a0\u00bb0&Prime; text_font_size_tablet=\u00a0\u00bb50px\u00a0\u00bb]<\/p>\n<p>NOTRE HISTOIRE<\/p>\n<p>[\/et_pb_text][\/et_pb_column][\/et_pb_row][et_pb_row column_structure=\u00a0\u00bb3_5,2_5&Prime; _builder_version=\u00a0\u00bb4.27.4&Prime; _module_preset=\u00a0\u00bbdefault\u00a0\u00bb hover_enabled=\u00a0\u00bb0&Prime; global_colors_info=\u00a0\u00bb{}\u00a0\u00bb sticky_enabled=\u00a0\u00bb0&Prime;][et_pb_column type=\u00a0\u00bb3_5&Prime; _builder_version=\u00a0\u00bb4.27.4&Prime; _module_preset=\u00a0\u00bbdefault\u00a0\u00bb global_colors_info=\u00a0\u00bb{}\u00a0\u00bb][et_pb_text _builder_version=\u00a0\u00bb4.27.4&Prime; _module_preset=\u00a0\u00bbdefault\u00a0\u00bb text_font=\u00a0\u00bbLustria||||||||\u00a0\u00bb text_text_color=\u00a0\u00bb#000000&Prime; text_font_size=\u00a0\u00bb17px\u00a0\u00bb text_orientation=\u00a0\u00bbjustified\u00a0\u00bb hover_enabled=\u00a0\u00bb0&Prime; global_colors_info=\u00a0\u00bb{}\u00a0\u00bb text_font_size_last_edited=\u00a0\u00bbon|phone\u00a0\u00bb text_font_size_phone=\u00a0\u00bb15px\u00a0\u00bb custom_margin_last_edited=\u00a0\u00bbon|phone\u00a0\u00bb custom_margin_phone=\u00a0\u00bb-40px||||false|false\u00a0\u00bb sticky_enabled=\u00a0\u00bb0&Prime; text_font_size_tablet=\u00a0\u00bb17px\u00a0\u00bb]<\/p>\n<p>&nbsp;<\/p>\n<p>Luza\u00efa est un nom espagnol, qui allie l&rsquo;eau et la lumi\u00e8re. D&rsquo;origine catalane, j&rsquo;ai re\u00e7u en \u00ab\u00a0h\u00e9ritage\u00a0\u00bb de ma grand-m\u00e8re cet amour de la f\u00eate, de c\u00e9l\u00e9brer la joie, des couleurs, d&rsquo;une femme aussi p\u00e9tillante qu&rsquo;extravagante.<\/p>\n<p>&nbsp;<\/p>\n<p>C&rsquo;est apr\u00e8s le d\u00e9c\u00e8s de ma grand-m\u00e8re catalane, que je re\u00e7ois d&rsquo;\u00e9normes sacs remplis de bijoux fantaisie d&rsquo;une excentricit\u00e9 hors norme ! Je me suis d&rsquo;abord demand\u00e9e ce que j&rsquo;allais faire de tout cela ? C&rsquo;est ainsi que j&rsquo;ai commenc\u00e9 \u00e0 d\u00e9monter, faire et d\u00e9faire, cr\u00e9er et finalement redonner vie \u00e0 la passion de ma grand-m\u00e8re. De Perpignan \u00e0 Barcelone, elle portait et vendait ses bijoux. Une femme de caract\u00e8re, inspirante et aussi f\u00e9minine que f\u00e9ministe avant l&rsquo;heure ! Pleine de joie, de vie et de libert\u00e9, traversant les \u00e9preuves de la vie, comme nous toutes et comme les bijoux que nous portons. Ma premi\u00e8re collection porte son pr\u00e9nom : Michelle, qui est aussi l&rsquo;un de mes pr\u00e9noms, le parfait clin d&rsquo;oeil de la vie !<\/p>\n<p>[\/et_pb_text][\/et_pb_column][et_pb_column type=\u00a0\u00bb2_5&Prime; _builder_version=\u00a0\u00bb4.27.4&Prime; _module_preset=\u00a0\u00bbdefault\u00a0\u00bb global_colors_info=\u00a0\u00bb{}\u00a0\u00bb][et_pb_image src=\u00a0\u00bbhttps:\/\/staging.place-des-arcades.fr\/wp-content\/uploads\/2025\/10\/FZ4A2240-scaled.jpg\u00a0\u00bb title_text=\u00a0\u00bbFZ4A2240&Prime; _builder_version=\u00a0\u00bb4.27.4&Prime; _module_preset=\u00a0\u00bbdefault\u00a0\u00bb width=\u00a0\u00bb80%\u00a0\u00bb hover_enabled=\u00a0\u00bb0&Prime; box_shadow_style=\u00a0\u00bbpreset2&Prime; global_colors_info=\u00a0\u00bb{}\u00a0\u00bb align_last_edited=\u00a0\u00bbon|phone\u00a0\u00bb align_phone=\u00a0\u00bbcenter\u00a0\u00bb sticky_enabled=\u00a0\u00bb0&Prime; width_last_edited=\u00a0\u00bbon|phone\u00a0\u00bb width_tablet=\u00a0\u00bb80%\u00a0\u00bb width_phone=\u00a0\u00bb80%\u00a0\u00bb][\/et_pb_image][\/et_pb_column][\/et_pb_row][\/et_pb_section]<\/p>\n","protected":false},"excerpt":{"rendered":"<p>NOTRE HISTOIRE&nbsp; Luza\u00efa est un nom espagnol, qui allie l&rsquo;eau et la lumi\u00e8re. D&rsquo;origine catalane, j&rsquo;ai re\u00e7u en \u00ab\u00a0h\u00e9ritage\u00a0\u00bb de ma grand-m\u00e8re cet amour de la f\u00eate, de c\u00e9l\u00e9brer la joie, des couleurs, d&rsquo;une femme aussi p\u00e9tillante qu&rsquo;extravagante. &nbsp; C&rsquo;est apr\u00e8s le d\u00e9c\u00e8s de ma grand-m\u00e8re catalane, que je re\u00e7ois d&rsquo;\u00e9normes sacs remplis de bijoux [&hellip;]<\/p>\n","protected":false},"author":1,"featured_media":0,"parent":0,"menu_order":0,"comment_status":"closed","ping_status":"closed","template":"","meta":{"_et_pb_use_builder":"on","_et_pb_old_content":"","_et_gb_content_width":"","footnotes":""},"class_list":["post-148","page","type-page","status-publish","hentry"],"_links":{"self":[{"href":"https:\/\/staging.place-des-arcades.fr\/index.php?rest_route=\/wp\/v2\/pages\/148","targetHints":{"allow":["GET"]}}],"collection":[{"href":"https:\/\/staging.place-des-arcades.fr\/index.php?rest_route=\/wp\/v2\/pages"}],"about":[{"href":"https:\/\/staging.place-des-arcades.fr\/index.php?rest_route=\/wp\/v2\/types\/page"}],"author":[{"embeddable":true,"href":"https:\/\/staging.place-des-arcades.fr\/index.php?rest_route=\/wp\/v2\/users\/1"}],"replies":[{"embeddable":true,"href":"https:\/\/staging.place-des-arcades.fr\/index.php?rest_route=%2Fwp%2Fv2%2Fcomments&post=148"}],"version-history":[{"count":5,"href":"https:\/\/staging.place-des-arcades.fr\/index.php?rest_route=\/wp\/v2\/pages\/148\/revisions"}],"predecessor-version":[{"id":278,"href":"https:\/\/staging.place-des-arcades.fr\/index.php?rest_route=\/wp\/v2\/pages\/148\/revisions\/278"}],"wp:attachment":[{"href":"https:\/\/staging.place-des-arcades.fr\/index.php?rest_route=%2Fwp%2Fv2%2Fmedia&parent=148"}],"curies":[{"name":"wp","href":"https:\/\/api.w.org\/{rel}","templated":true}]}}